{"id":12523,"date":"2022-11-02T21:18:31","date_gmt":"2022-11-02T21:18:31","guid":{"rendered":"https:\/\/artmallks.kosova.dev\/?page_id=12523"},"modified":"2022-11-05T09:32:32","modified_gmt":"2022-11-05T09:32:32","slug":"about","status":"publish","type":"page","link":"https:\/\/artmallks.com\/?page_id=12523","title":{"rendered":""},"content":{"rendered":"\n\n\n\n\n\n\n<h4>ART MALL<\/h4>\n<p>Vend ideal p\u00ebr t\u00eb b\u00ebr\u00eb biznes.<\/p>\n<p> Qendra m\u00eb e madhe tregtare n\u00eb Mitrovic\u00eb<\/p>\n\n\n\n\n<h4>OFERTA<\/h4>\n<p>Qendra tregtare Art Mall n\u00eb Mitrovic\u00eb ofron disa mund\u00ebsi t\u00eb bashk\u00ebpunimit me partner\u00ebt tan\u00eb<\/p>\n\n\n\n\n\n<p>Sip\u00ebrfaqja xxx<\/p>\n\n\n<p>Sip\u00ebrfaqja xxx<br><\/p>\n\n\n<p>Sip\u00ebrfaqja xxx<br><\/p>\n\n\n\n\n<p>Sip\u00ebrfaqja xxx<br><\/p>\n\n\n<p>Sip\u00ebrfaqja xxx<br><\/p>\n\n\n<p>Sip\u00ebrfaqja xxx<br><\/p>\n\n\n\n\n","protected":false},"excerpt":{"rendered":"","protected":false},"author":1,"featured_media":0,"parent":0,"menu_order":0,"comment_status":"closed","ping_status":"closed","template":"","meta":{"footnotes":""},"_links":{"self":[{"href":"https:\/\/artmallks.com\/index.php?rest_route=\/wp\/v2\/pages\/12523"}],"collection":[{"href":"https:\/\/artmallks.com\/index.php?rest_route=\/wp\/v2\/pages"}],"about":[{"href":"https:\/\/artmallks.com\/index.php?rest_route=\/wp\/v2\/types\/page"}],"author":[{"embeddable":true,"href":"https:\/\/artmallks.com\/index.php?rest_route=\/wp\/v2\/users\/1"}],"replies":[{"embeddable":true,"href":"https:\/\/artmallks.com\/index.php?rest_route=%2Fwp%2Fv2%2Fcomments&post=12523"}],"version-history":[{"count":6,"href":"https:\/\/artmallks.com\/index.php?rest_route=\/wp\/v2\/pages\/12523\/revisions"}],"predecessor-version":[{"id":12594,"href":"https:\/\/artmallks.com\/index.php?rest_route=\/wp\/v2\/pages\/12523\/revisions\/12594"}],"wp:attachment":[{"href":"https:\/\/artmallks.com\/index.php?rest_route=%2Fwp%2Fv2%2Fmedia&parent=12523"}],"curies":[{"name":"wp","href":"https:\/\/api.w.org\/{rel}","templated":true}]}}