{"id":12524,"date":"2022-11-02T21:18:31","date_gmt":"2022-11-02T21:18:31","guid":{"rendered":"https:\/\/artmallks.kosova.dev\/?page_id=12524"},"modified":"2022-11-05T18:02:44","modified_gmt":"2022-11-05T18:02:44","slug":"home","status":"publish","type":"page","link":"https:\/\/artmallks.com\/","title":{"rendered":"Home"},"content":{"rendered":"\n\n\n\n\n\n\n\n<h4>Aty ku \u00ebsht\u00eb ArtMall \u00ebsht\u00eb vendi ideal p\u00ebr biznes<\/h4>\n<p>Qendra m\u00eb e madhe tregtare ArtMall n\u00eb Mitrovic\u00eb, ndodhet n\u00eb pjes\u00ebn m\u00eb t\u00eb p\u00ebrshtatshme t\u00eb qytetit p\u00ebr t\u00eb b\u00ebr\u00eb biznes.&nbsp;<\/p>\n<p><strong>Rezervo hap\u00ebsir\u00ebn tende duke kontaktuar:<\/strong><\/p>\n\n\n\n<iframe loading=\"lazy\" src=\"https:\/\/www.facebook.com\/plugins\/video.php?height=314&#038;href=https%3A%2F%2Fwww.facebook.com%2Fartmallks%2Fvideos%2F1255175445016916%2F&#038;show_text=false&#038;width=560&#038;t=0\" width=\"100%\" height=\"100%\" style=\"border:none;overflow:hidden\" scrolling=\"no\" frameborder=\"0\" allowfullscreen=\"true\" allow=\"autoplay; clipboard-write; encrypted-media; picture-in-picture; web-share\" allowFullScreen=\"true\"><\/iframe>\n\n\n\n\n<p>Lorem Ipsum has been the industry&#8217;s standard dummy text ever since the 1500s.<\/p>\n<h6>Rezervo hap\u00ebsir\u00ebn tende!<\/h6>\n<div class=\"wpforms-container wpforms-container-full\" id=\"wpforms-12646\"><form id=\"wpforms-form-12646\" class=\"wpforms-validate wpforms-form wpforms-ajax-form\" data-formid=\"12646\" method=\"post\" enctype=\"multipart\/form-data\" action=\"\/index.php?rest_route=%2Fwp%2Fv2%2Fpages%2F12524\" data-token=\"07179d6985afe5051828f2493fb02439\"><noscript class=\"wpforms-error-noscript\">Please enable JavaScript in your browser to complete this form.<\/noscript><div class=\"wpforms-field-container\"><div id=\"wpforms-12646-field_1-container\" class=\"wpforms-field wpforms-field-name\" data-field-id=\"1\"><label class=\"wpforms-field-label\" for=\"wpforms-12646-field_1\">Emri dhe Mbiemri <span class=\"wpforms-required-label\">*<\/span><\/label><input type=\"text\" id=\"wpforms-12646-field_1\" class=\"wpforms-field-medium wpforms-field-required\" name=\"wpforms[fields][1]\" required><\/div><div id=\"wpforms-12646-field_2-container\" class=\"wpforms-field wpforms-field-email\" data-field-id=\"2\"><label class=\"wpforms-field-label\" for=\"wpforms-12646-field_2\">Email <span class=\"wpforms-required-label\">*<\/span><\/label><input type=\"email\" id=\"wpforms-12646-field_2\" class=\"wpforms-field-medium wpforms-field-required\" name=\"wpforms[fields][2]\" required><\/div><div id=\"wpforms-12646-field_3-container\" class=\"wpforms-field wpforms-field-textarea\" data-field-id=\"3\"><label class=\"wpforms-field-label\" for=\"wpforms-12646-field_3\">Mesazhi<\/label><textarea id=\"wpforms-12646-field_3\" class=\"wpforms-field-medium\" name=\"wpforms[fields][3]\" ><\/textarea><\/div><\/div><div class=\"wpforms-submit-container\"><input type=\"hidden\" name=\"wpforms[id]\" value=\"12646\"><input type=\"hidden\" name=\"wpforms[author]\" value=\"1\"><button type=\"submit\" name=\"wpforms[submit]\" id=\"wpforms-submit-12646\" class=\"wpforms-submit\" data-alt-text=\"D\u00ebrguar..\" data-submit-text=\"D\u00ebrgo\" aria-live=\"assertive\" value=\"wpforms-submit\">D\u00ebrgo<\/button><img loading=\"lazy\" decoding=\"async\" src=\"https:\/\/artmallks.com\/wp-content\/plugins\/wpforms-lite\/assets\/images\/submit-spin.svg\" class=\"wpforms-submit-spinner\" style=\"display: none;\" width=\"26\" height=\"26\" alt=\"Loading\"><\/div><\/form><\/div>  <!-- .wpforms-container -->\n\n\n\n\n<h4>PARTNER\u00cbT<\/h4>\n<p>KJO HAP\u00cbSIR\u00cb \u00cbSHT\u00cb KRIJUAR EKSKLUZIVISHT P\u00cbR BASHK\u00cbPUN\u00cbTOR\u00cbT TAN\u00cb<\/p>\n\n\n<p>KOMPANIA 1<\/p>\n\n\n<p>KOMPANIA 2<br><\/p>\n\n\n<p>KOMPANIA 3<br><\/p>\n\n\n\n\n<p>KOMPANIA 4<br><\/p>\n\n\n<p>KOMPANIA 5<br><\/p>\n\n\n<p>KOMPANIA&nbsp;<br><\/p>\n\n\n\n\n","protected":false},"excerpt":{"rendered":"","protected":false},"author":1,"featured_media":0,"parent":0,"menu_order":0,"comment_status":"closed","ping_status":"closed","template":"","meta":{"footnotes":""},"_links":{"self":[{"href":"https:\/\/artmallks.com\/index.php?rest_route=\/wp\/v2\/pages\/12524"}],"collection":[{"href":"https:\/\/artmallks.com\/index.php?rest_route=\/wp\/v2\/pages"}],"about":[{"href":"https:\/\/artmallks.com\/index.php?rest_route=\/wp\/v2\/types\/page"}],"author":[{"embeddable":true,"href":"https:\/\/artmallks.com\/index.php?rest_route=\/wp\/v2\/users\/1"}],"replies":[{"embeddable":true,"href":"https:\/\/artmallks.com\/index.php?rest_route=%2Fwp%2Fv2%2Fcomments&post=12524"}],"version-history":[{"count":46,"href":"https:\/\/artmallks.com\/index.php?rest_route=\/wp\/v2\/pages\/12524\/revisions"}],"predecessor-version":[{"id":12672,"href":"https:\/\/artmallks.com\/index.php?rest_route=\/wp\/v2\/pages\/12524\/revisions\/12672"}],"wp:attachment":[{"href":"https:\/\/artmallks.com\/index.php?rest_route=%2Fwp%2Fv2%2Fmedia&parent=12524"}],"curies":[{"name":"wp","href":"https:\/\/api.w.org\/{rel}","templated":true}]}}